{"id":48,"date":"2020-03-07T12:30:13","date_gmt":"2020-03-07T12:30:13","guid":{"rendered":"https:\/\/web286.sr101.firestorm.ch\/WP\/index.php\/herzlich-willkommen\/"},"modified":"2022-08-29T19:17:52","modified_gmt":"2022-08-29T18:17:52","slug":"herzlich-willkommen","status":"publish","type":"page","link":"https:\/\/sarneraatal.ch\/","title":{"rendered":"Herzlich Willkommen"},"content":{"rendered":"<p><span style=\"font-size: small;\">Wir freuen uns \u00fcber ihren Besuch auf unserer Webseite. Mit unserer Internet Pr\u00e4senz informieren wir G\u00e4ste und unsere Mitglieder \u00fcber das aktuelle Geschehen der Rettungsstation Sarneraatal.<\/span><\/p>\n<p><img decoding=\"async\" style=\"float: left;\" src=\"images\/stories\/Titel-2011-a.jpg\" alt=\"\" border=\"0\" \/><\/p>\n<p><span style=\"font-size: small;\">Danke. Wir freuen uns auf Ihren wiederkehrenden Besuch.<\/span><\/p>\n<p><span style=\"font-size: small;\">Rettungsstation Sarneraatal<\/span><\/p>\n<hr \/>\n","protected":false},"excerpt":{"rendered":"<p>Wir freuen uns \u00fcber ihren Besuch auf unserer Webseite. Mit unserer Internet Pr\u00e4senz informieren wir G\u00e4ste und unsere Mitglieder \u00fcber das aktuelle Geschehen der Rettungsstation Sarneraatal. Danke. Wir freuen uns auf Ihren wiederkehrenden Besuch. Rettungsstation Sarneraatal<\/p>\n","protected":false},"author":1,"featured_media":0,"parent":0,"menu_order":0,"comment_status":"closed","ping_status":"closed","template":"template-magazine.php","meta":{"footnotes":""},"_links":{"self":[{"href":"https:\/\/sarneraatal.ch\/index.php\/wp-json\/wp\/v2\/pages\/48"}],"collection":[{"href":"https:\/\/sarneraatal.ch\/index.php\/wp-json\/wp\/v2\/pages"}],"about":[{"href":"https:\/\/sarneraatal.ch\/index.php\/wp-json\/wp\/v2\/types\/page"}],"author":[{"embeddable":true,"href":"https:\/\/sarneraatal.ch\/index.php\/wp-json\/wp\/v2\/users\/1"}],"replies":[{"embeddable":true,"href":"https:\/\/sarneraatal.ch\/index.php\/wp-json\/wp\/v2\/comments?post=48"}],"version-history":[{"count":9,"href":"https:\/\/sarneraatal.ch\/index.php\/wp-json\/wp\/v2\/pages\/48\/revisions"}],"predecessor-version":[{"id":735,"href":"https:\/\/sarneraatal.ch\/index.php\/wp-json\/wp\/v2\/pages\/48\/revisions\/735"}],"wp:attachment":[{"href":"https:\/\/sarneraatal.ch\/index.php\/wp-json\/wp\/v2\/media?parent=48"}],"curies":[{"name":"wp","href":"https:\/\/api.w.org\/{rel}","templated":true}]}}